{"id":2,"date":"2022-03-04T12:18:31","date_gmt":"2022-03-04T11:18:31","guid":{"rendered":"http:\/\/rencontreeljem.com\/?page_id=2"},"modified":"2026-04-09T21:22:31","modified_gmt":"2026-04-09T19:22:31","slug":"page-d-exemple","status":"publish","type":"page","link":"https:\/\/rencontreeljem.com\/","title":{"rendered":"Pr\u00e9sentation"},"content":{"rendered":"<div class=\"wp-block-image\">\n<figure class=\"aligncenter is-resized\"><img decoding=\"async\" src=\"http:\/\/rencontreeljem.com\/wp-content\/uploads\/2022\/04\/Logo-RE-2-1024x273.jpg\" alt=\"\" style=\"width:320px;height:85px\"\/><\/figure>\n<\/div>\n\n\n<figure class=\"wp-block-image size-large is-resized\"><a href=\"http:\/\/rencontreeljem.com\/wp-content\/uploads\/2026\/04\/RE-2026_-PROGRAMME-_-LIVRET-DES-RESUMES_.pdf\"><img loading=\"lazy\" decoding=\"async\" width=\"722\" height=\"1024\" src=\"http:\/\/rencontreeljem.com\/wp-content\/uploads\/2026\/04\/AFFICHE-R-EL-JEM-2026_-722x1024.jpg\" alt=\"\" class=\"wp-image-10310\" style=\"aspect-ratio:0.7050881997070624;width:396px;height:auto\" srcset=\"https:\/\/rencontreeljem.com\/wp-content\/uploads\/2026\/04\/AFFICHE-R-EL-JEM-2026_-722x1024.jpg 722w, https:\/\/rencontreeljem.com\/wp-content\/uploads\/2026\/04\/AFFICHE-R-EL-JEM-2026_-211x300.jpg 211w, https:\/\/rencontreeljem.com\/wp-content\/uploads\/2026\/04\/AFFICHE-R-EL-JEM-2026_-768x1090.jpg 768w, https:\/\/rencontreeljem.com\/wp-content\/uploads\/2026\/04\/AFFICHE-R-EL-JEM-2026_-1083x1536.jpg 1083w, https:\/\/rencontreeljem.com\/wp-content\/uploads\/2026\/04\/AFFICHE-R-EL-JEM-2026_-1444x2048.jpg 1444w, https:\/\/rencontreeljem.com\/wp-content\/uploads\/2026\/04\/AFFICHE-R-EL-JEM-2026_-scaled.jpg 1804w\" sizes=\"auto, (max-width: 722px) 100vw, 722px\" \/><\/a><\/figure>\n\n\n\n<div class=\"wp-block-columns alignfull is-layout-flex wp-container-core-columns-is-layout-9d6595d7 wp-block-columns-is-layout-flex\">\n<div class=\"wp-block-column is-layout-flow wp-block-column-is-layout-flow\" style=\"flex-basis:50%\">\n<div class=\"wp-block-cover is-light\" style=\"min-height:485px;aspect-ratio:unset;\"><span aria-hidden=\"true\" class=\"wp-block-cover__background has-background-dim-100 has-background-dim\" style=\"background-color:#f6f6f6\"><\/span><div class=\"wp-block-cover__inner-container is-layout-flow wp-block-cover-is-layout-flow\">\n<figure class=\"wp-block-gallery aligncenter has-nested-images columns-default is-cropped wp-block-gallery-1 is-layout-flex wp-block-gallery-is-layout-flex\">\n<figure class=\"wp-block-image size-large is-style-default\"><a href=\"http:\/\/rencontreeljem.com\/wp-content\/uploads\/2024\/04\/RE-2024_-livret-des-resumes-.pdf\"><img loading=\"lazy\" decoding=\"async\" width=\"715\" height=\"1024\" data-id=\"5626\" src=\"http:\/\/rencontreeljem.com\/wp-content\/uploads\/2024\/04\/AFFICHE-RE-2024-715x1024.jpg\" alt=\"\" class=\"wp-image-5626\" style=\"aspect-ratio:0.6955782312925171\" srcset=\"https:\/\/rencontreeljem.com\/wp-content\/uploads\/2024\/04\/AFFICHE-RE-2024-715x1024.jpg 715w, https:\/\/rencontreeljem.com\/wp-content\/uploads\/2024\/04\/AFFICHE-RE-2024-209x300.jpg 209w, https:\/\/rencontreeljem.com\/wp-content\/uploads\/2024\/04\/AFFICHE-RE-2024-768x1100.jpg 768w, https:\/\/rencontreeljem.com\/wp-content\/uploads\/2024\/04\/AFFICHE-RE-2024-1072x1536.jpg 1072w, https:\/\/rencontreeljem.com\/wp-content\/uploads\/2024\/04\/AFFICHE-RE-2024.jpg 1241w\" sizes=\"auto, (max-width: 715px) 100vw, 715px\" \/><\/a><\/figure>\n\n\n<div class=\"wp-block-image\">\n<figure class=\"aligncenter size-large\"><a href=\"http:\/\/rencontreeljem.com\/wp-content\/uploads\/2022\/03\/RE-2022_-LIVRET-_PROGRAMME-ET-RESUMES__-F.pdf\"><img loading=\"lazy\" decoding=\"async\" width=\"710\" height=\"1024\" data-id=\"410\" src=\"http:\/\/rencontreeljem.com\/wp-content\/uploads\/2022\/03\/couver-1-710x1024.jpg\" alt=\"\" class=\"wp-image-410\" srcset=\"https:\/\/rencontreeljem.com\/wp-content\/uploads\/2022\/03\/couver-1-710x1024.jpg 710w, https:\/\/rencontreeljem.com\/wp-content\/uploads\/2022\/03\/couver-1-208x300.jpg 208w, https:\/\/rencontreeljem.com\/wp-content\/uploads\/2022\/03\/couver-1-768x1108.jpg 768w, https:\/\/rencontreeljem.com\/wp-content\/uploads\/2022\/03\/couver-1-1065x1536.jpg 1065w, https:\/\/rencontreeljem.com\/wp-content\/uploads\/2022\/03\/couver-1.jpg 1241w\" sizes=\"auto, (max-width: 710px) 100vw, 710px\" \/><\/a><\/figure>\n<\/div><\/figure>\n<\/div><\/div>\n<\/div>\n\n\n\n<div class=\"wp-block-column is-vertically-aligned-top is-layout-flow wp-block-column-is-layout-flow\" style=\"padding-top:1em;padding-right:1em;padding-bottom:1em;padding-left:1em\">\n<div class=\"wp-block-columns is-layout-flex wp-container-core-columns-is-layout-9d6595d7 wp-block-columns-is-layout-flex\">\n<div class=\"wp-block-column is-layout-flow wp-block-column-is-layout-flow\" style=\"flex-basis:320px\">\n<p style=\"font-size:16px;line-height:1.6\"><strong>Rencontre El Jem<\/strong>&nbsp; est un \u00e9v\u00e9nement culturel et scientifique qui s\u2019int\u00e9resse aux \u00e9tudes scientifiques en relation avec le patrimoine, la ville et le d\u00e9veloppement local en Tunisie et \u00e0 travers le monde. Cet \u00e9v\u00e9nement s\u2019organise \u00e0 la ville d\u2019El Jem sous la forme d\u2019un colloque scientifique organis\u00e9 suite \u00e0 un appel \u00e0 contribution international.<\/p>\n\n\n\n<p style=\"font-size:16px;line-height:1.6\">Les&nbsp;Rencontres sont le fruit d\u2019un partenariat entre la soci\u00e9t\u00e9 civile, les organismes de recherches, les professionnels et les diff\u00e9rents acteurs nationaux et internationaux de la sauvegarde et la mise en valeur du patrimoine et sa gestion en relation avec le d\u00e9veloppement local et durable du territoire.<\/p>\n\n\n\n<p style=\"font-size:16px;line-height:1.6\">Les actes font l\u2019objet d\u2019une publication sur le site du colloque suite \u00e0 une \u00e9valuation des articles (in\u00e9dits) de la part d\u2019un comit\u00e9 scientifique.<\/p>\n<\/div>\n<\/div>\n<\/div>\n<\/div>\n\n\n\n\n\n<div class=\"wp-block-columns alignfull is-layout-flex wp-container-core-columns-is-layout-9d6595d7 wp-block-columns-is-layout-flex\">\n<div class=\"wp-block-column is-layout-flow wp-block-column-is-layout-flow\" style=\"flex-basis:50%\">\n<div class=\"wp-block-cover is-light\" style=\"min-height:600px;aspect-ratio:unset;\"><span aria-hidden=\"true\" class=\"wp-block-cover__background has-background-dim-100 has-background-dim\" style=\"background-color:#f6f6f6\"><\/span><div class=\"wp-block-cover__inner-container is-layout-flow wp-block-cover-is-layout-flow\"><div class=\"wp-block-image\">\n<figure class=\"aligncenter size-large is-resized\"><a href=\"http:\/\/rencontreeljem.com\/wp-content\/uploads\/2022\/04\/RE-2019_-PROGRAMME-ET-RESUMES.pdf\"><img loading=\"lazy\" decoding=\"async\" width=\"749\" height=\"1024\" src=\"http:\/\/rencontreeljem.com\/wp-content\/uploads\/2022\/03\/AFFICHE-749x1024.jpg\" alt=\"\" class=\"wp-image-442\" style=\"width:375px;height:514px\" srcset=\"https:\/\/rencontreeljem.com\/wp-content\/uploads\/2022\/03\/AFFICHE-749x1024.jpg 749w, https:\/\/rencontreeljem.com\/wp-content\/uploads\/2022\/03\/AFFICHE-219x300.jpg 219w, https:\/\/rencontreeljem.com\/wp-content\/uploads\/2022\/03\/AFFICHE-768x1050.jpg 768w, https:\/\/rencontreeljem.com\/wp-content\/uploads\/2022\/03\/AFFICHE-1123x1536.jpg 1123w, https:\/\/rencontreeljem.com\/wp-content\/uploads\/2022\/03\/AFFICHE-1498x2048.jpg 1498w, https:\/\/rencontreeljem.com\/wp-content\/uploads\/2022\/03\/AFFICHE-scaled.jpg 1872w\" sizes=\"auto, (max-width: 749px) 100vw, 749px\" \/><\/a><\/figure>\n<\/div><\/div><\/div>\n<\/div>\n\n\n\n<div class=\"wp-block-column is-vertically-aligned-center is-layout-flow wp-block-column-is-layout-flow\" style=\"padding-top:1em;padding-right:1em;padding-bottom:1em;padding-left:1em\">\n<div class=\"wp-block-columns is-layout-flex wp-container-core-columns-is-layout-9d6595d7 wp-block-columns-is-layout-flex\">\n<div class=\"wp-block-column is-layout-flow wp-block-column-is-layout-flow\" style=\"flex-basis:320px\">\n<ul style=\"font-size:14px\" class=\"wp-block-list has-black-color has-text-color\">\n<li class=\"has-medium-font-size\"><strong> premi\u00e8re \u00e9dition,&nbsp; Mars 2019&nbsp;:<\/strong><\/li>\n<\/ul>\n\n\n\n<p class=\"has-text-align-left has-black-color has-text-color\"><strong><a href=\"http:\/\/rencontreeljem.com\/wp-content\/uploads\/2022\/04\/RE-2019_-PROGRAMME-ET-RESUMES.pdf\" target=\"_blank\" rel=\"noreferrer noopener\">Rencontre El Jem 2019&nbsp;: Patrimoine, d\u00e9veloppement local, enjeux et d\u00e9fis.<\/a><\/strong><\/p>\n\n\n\n<p><\/p>\n\n\n\n<p><\/p>\n\n\n\n<ul style=\"font-size:14px\" class=\"wp-block-list has-black-color has-text-color\">\n<li class=\"has-black-color has-text-color has-link-color has-medium-font-size wp-elements-c795fa026d157354e8b6a340003386d2\"><strong> <a href=\"http:\/\/rencontreeljem.com\/wp-content\/uploads\/2025\/08\/Actes-Colloque-RE-2022-_-F.pdf\" data-type=\"link\" data-id=\"http:\/\/rencontreeljem.com\/wp-content\/uploads\/2025\/07\/Actes-Colloque-RE-2022-_.pdf\">deuxi\u00e8me \u00e9dition, mars 2022&nbsp;:<\/a><\/strong><\/li>\n<\/ul>\n\n\n\n<p class=\"has-text-align-left has-black-color has-text-color\"><strong><a href=\"http:\/\/rencontreeljem.com\/wp-content\/uploads\/2022\/03\/RE-2022_-LIVRET-_PROGRAMME-ET-RESUMES__-F.pdf\" target=\"_blank\" rel=\"noreferrer noopener\">Rencontre El Jem 2022&nbsp;: Patrimoine \u00e9v\u00e9nementiel et d\u00e9veloppement local.<\/a><\/strong><\/p>\n\n\n\n<ul class=\"wp-block-list\">\n<li class=\"has-medium-font-size\" style=\"font-style:normal;font-weight:900\"> <strong>troisi\u00e8me \u00e9dition, avril 2024&nbsp;:<\/strong><\/li>\n<\/ul>\n\n\n\n<p><strong><a href=\"http:\/\/rencontreeljem.com\/wp-content\/uploads\/2024\/04\/RE-2024_-Livret-Resumes-F.pdf\" target=\"_blank\" rel=\"noreferrer noopener\">Rencontre El Jem 2024&nbsp;: villes patrimoniales, paysage urbain historique et d\u00e9veloppement local..<\/a><\/strong><\/p>\n\n\n\n<p class=\"has-drop-cap has-medium-font-size\"><br><strong>Quatri\u00e8me \u00e9dition, avril 2026\u00a0:<\/strong><\/p>\n\n\n\n<p class=\"has-drop-cap has-small-font-size\"><strong>Rencontre<a href=\"http:\/\/rencontreeljem.com\/wp-content\/uploads\/2026\/04\/RE-2026_-PROGRAMME-_-LIVRET-DES-RESUMES_.pdf\"> El Jem 2026: Patrimoine Tourisme durable et d\u00e9veloppement local<\/a><\/strong><\/p>\n\n\n\n<p class=\"has-drop-cap has-medium-font-size\"><br><\/p>\n<\/div>\n<\/div>\n\n\n<\/div>\n<\/div>\n\n\n\n\n","protected":false},"excerpt":{"rendered":"<p>Rencontre El Jem&nbsp; est un \u00e9v\u00e9nement culturel et scientifique qui s\u2019int\u00e9resse aux \u00e9tudes scientifiques en relation avec le patrimoine, la ville et le d\u00e9veloppement local en Tunisie et \u00e0 travers le monde. Cet \u00e9v\u00e9nement s\u2019organise \u00e0 la ville d\u2019El Jem sous la forme d\u2019un colloque scientifique organis\u00e9 suite \u00e0 un appel \u00e0 contribution international. Les&nbsp;Rencontres&hellip;<\/p>\n","protected":false},"author":1,"featured_media":0,"parent":0,"menu_order":0,"comment_status":"closed","ping_status":"open","template":"","meta":{"ngg_post_thumbnail":0,"footnotes":""},"class_list":["post-2","page","type-page","status-publish","hentry"],"_links":{"self":[{"href":"https:\/\/rencontreeljem.com\/index.php\/wp-json\/wp\/v2\/pages\/2","targetHints":{"allow":["GET"]}}],"collection":[{"href":"https:\/\/rencontreeljem.com\/index.php\/wp-json\/wp\/v2\/pages"}],"about":[{"href":"https:\/\/rencontreeljem.com\/index.php\/wp-json\/wp\/v2\/types\/page"}],"author":[{"embeddable":true,"href":"https:\/\/rencontreeljem.com\/index.php\/wp-json\/wp\/v2\/users\/1"}],"replies":[{"embeddable":true,"href":"https:\/\/rencontreeljem.com\/index.php\/wp-json\/wp\/v2\/comments?post=2"}],"version-history":[{"count":73,"href":"https:\/\/rencontreeljem.com\/index.php\/wp-json\/wp\/v2\/pages\/2\/revisions"}],"predecessor-version":[{"id":10319,"href":"https:\/\/rencontreeljem.com\/index.php\/wp-json\/wp\/v2\/pages\/2\/revisions\/10319"}],"wp:attachment":[{"href":"https:\/\/rencontreeljem.com\/index.php\/wp-json\/wp\/v2\/media?parent=2"}],"curies":[{"name":"wp","href":"https:\/\/api.w.org\/{rel}","templated":true}]}}