{"id":957,"date":"2022-04-02T19:32:13","date_gmt":"2022-04-02T17:32:13","guid":{"rendered":"http:\/\/rencontreeljem.com\/?page_id=957"},"modified":"2023-11-18T20:20:16","modified_gmt":"2023-11-18T19:20:16","slug":"actualites","status":"publish","type":"page","link":"https:\/\/rencontreeljem.com\/index.php\/actualites\/","title":{"rendered":"Actualit\u00e9s"},"content":{"rendered":"\n<p><\/p>\n\n\n\n<p class=\"has-medium-font-size\"> <strong><em>Rencontre El Jem 2024\u00a0:<\/em><\/strong><\/p>\n\n\n\n<p class=\"has-medium-font-size\"><strong><em>Villes patrimoniales, paysage urbain historique et d\u00e9veloppement local<\/em><\/strong> <\/p>\n\n\n\n<p class=\"has-medium-font-size\">Appel \u00e0 Contribution: <\/p>\n\n\n<div class=\"wp-block-image\">\n<figure class=\"aligncenter size-large\"><a href=\"http:\/\/rencontreeljem.com\/wp-content\/uploads\/2023\/11\/Argumentaire-Rencontre-El-Jem-2024_15_11_2023_-Version-F-1.pdf\"><img loading=\"lazy\" decoding=\"async\" width=\"724\" height=\"1024\" src=\"http:\/\/rencontreeljem.com\/wp-content\/uploads\/2023\/11\/Affiche-AC_-RE-2024_-F-2-724x1024.png\" alt=\"\" class=\"wp-image-4964\" srcset=\"https:\/\/rencontreeljem.com\/wp-content\/uploads\/2023\/11\/Affiche-AC_-RE-2024_-F-2-724x1024.png 724w, https:\/\/rencontreeljem.com\/wp-content\/uploads\/2023\/11\/Affiche-AC_-RE-2024_-F-2-212x300.png 212w, https:\/\/rencontreeljem.com\/wp-content\/uploads\/2023\/11\/Affiche-AC_-RE-2024_-F-2-768x1087.png 768w, https:\/\/rencontreeljem.com\/wp-content\/uploads\/2023\/11\/Affiche-AC_-RE-2024_-F-2-1086x1536.png 1086w, https:\/\/rencontreeljem.com\/wp-content\/uploads\/2023\/11\/Affiche-AC_-RE-2024_-F-2-1448x2048.png 1448w\" sizes=\"auto, (max-width: 724px) 100vw, 724px\" \/><\/a><\/figure>\n<\/div>\n\n\n<p><\/p>\n\n\n\n<pre class=\"wp-block-verse has-vivid-red-color has-text-color\" style=\"font-size:24px\"><em><strong>RENCONTRE EL JEM 2022<\/strong>, <strong>25 et 26 Mars:<\/strong><\/em><\/pre>\n\n\n\n<div class=\"wp-block-columns alignfull is-layout-flex wp-container-core-columns-is-layout-9d6595d7 wp-block-columns-is-layout-flex\">\n<div class=\"wp-block-column is-layout-flow wp-block-column-is-layout-flow\" style=\"flex-basis:50%\">\n<div class=\"wp-block-cover is-light\" style=\"min-height:979px;aspect-ratio:unset;\"><span aria-hidden=\"true\" class=\"wp-block-cover__background has-background-dim-100 has-background-dim\" style=\"background-color:#f6f6f6\"><\/span><div class=\"wp-block-cover__inner-container is-layout-flow wp-block-cover-is-layout-flow\"><div class=\"wp-block-image\">\n<figure class=\"aligncenter size-full is-resized\"><img loading=\"lazy\" decoding=\"async\" width=\"640\" height=\"480\" src=\"http:\/\/rencontreeljem.com\/wp-content\/uploads\/2022\/03\/277417629_467407418505610_6523216042401012490_n.jpg\" alt=\"\" class=\"wp-image-477\" style=\"width:365px;height:275px\" srcset=\"https:\/\/rencontreeljem.com\/wp-content\/uploads\/2022\/03\/277417629_467407418505610_6523216042401012490_n.jpg 640w, https:\/\/rencontreeljem.com\/wp-content\/uploads\/2022\/03\/277417629_467407418505610_6523216042401012490_n-300x225.jpg 300w\" sizes=\"auto, (max-width: 640px) 100vw, 640px\" \/><\/figure>\n<\/div>\n\n<div class=\"wp-block-image\">\n<figure class=\"aligncenter size-full is-resized\"><img loading=\"lazy\" decoding=\"async\" width=\"720\" height=\"960\" src=\"http:\/\/rencontreeljem.com\/wp-content\/uploads\/2022\/03\/277183054_1145366672965558_2952609667650531254_n.jpg\" alt=\"\" class=\"wp-image-459\" style=\"width:239px;height:318px\" srcset=\"https:\/\/rencontreeljem.com\/wp-content\/uploads\/2022\/03\/277183054_1145366672965558_2952609667650531254_n.jpg 720w, https:\/\/rencontreeljem.com\/wp-content\/uploads\/2022\/03\/277183054_1145366672965558_2952609667650531254_n-225x300.jpg 225w\" sizes=\"auto, (max-width: 720px) 100vw, 720px\" \/><\/figure>\n<\/div>\n\n<div class=\"wp-block-image\">\n<figure class=\"aligncenter size-full is-resized\"><img loading=\"lazy\" decoding=\"async\" width=\"560\" height=\"1000\" src=\"http:\/\/rencontreeljem.com\/wp-content\/uploads\/2022\/03\/277423840_519429103111297_6891196573343322819_n.jpg\" alt=\"\" class=\"wp-image-478\" style=\"width:235px;height:417px\" srcset=\"https:\/\/rencontreeljem.com\/wp-content\/uploads\/2022\/03\/277423840_519429103111297_6891196573343322819_n.jpg 560w, https:\/\/rencontreeljem.com\/wp-content\/uploads\/2022\/03\/277423840_519429103111297_6891196573343322819_n-168x300.jpg 168w\" sizes=\"auto, (max-width: 560px) 100vw, 560px\" \/><\/figure>\n<\/div><\/div><\/div>\n<\/div>\n\n\n\n<div class=\"wp-block-column is-vertically-aligned-center is-layout-flow wp-block-column-is-layout-flow\" style=\"padding-top:1em;padding-right:1em;padding-bottom:1em;padding-left:1em\">\n<div class=\"wp-block-columns alignwide is-layout-flex wp-container-core-columns-is-layout-9d6595d7 wp-block-columns-is-layout-flex\">\n<div class=\"wp-block-column is-layout-flow wp-block-column-is-layout-flow\" style=\"flex-basis:320px\">\n<p class=\"has-small-font-size\" style=\"line-height:1.6\"><\/p>\n\n\n\n<p style=\"font-size:18px\">\u00ab<strong>&nbsp;Rencontre El Jem&nbsp;2022&nbsp;: Patrimoine, \u00e9v\u00e8nementiel et d\u00e9veloppement local&nbsp;\u00bb. <\/strong><\/p>\n\n\n\n<p style=\"font-size:16px\">L\u2019\u00e9v\u00e8nement a eu lieu du 25 au 26 Mars 2022 au prestigieux mus\u00e9e arch\u00e9ologique de la ville d\u2019El Jem. Ce colloque est organis\u00e9 \u00e0 l\u2019occasion du centenaire de la commune d\u2019El Jem par l\u2019Association du Festival International de la Musique Symphonique d\u2019El Jem, l\u2019Ecole Nationale d\u2019Architecture et d\u2019Urbanisme de Tunis ENAU (LarPA) et l\u2019Association de D\u00e9veloppement Local ADL El Jem, en partenariat la Mairie d\u2019El Jem et le Minist\u00e8re des Affaires Culturelles&nbsp;(Institut National du Patrimoine INP et l\u2019Agence de Mise en Valeur du Patrimoine et de Promotion Culturelle AMVPPC).<\/p>\n\n\n\n<p style=\"font-size:16px\">Le colloque a connu un succ\u00e8s remarquable par la contribution de professeurs-chercheurs reconnus et d\u2019intervenants appartenant \u00e0 diff\u00e9rentes disciplines (architecture, arch\u00e9ologie, patrimoine, mus\u00e9ologie, design\u2026). L\u2019\u00e9v\u00e8nement a constitu\u00e9 un fort moment d\u2019apprentissage et d\u2019\u00e9change entre chercheurs scientifiques, praticiens et soci\u00e9t\u00e9 civile r\u00e9unis dans une belle ambiance conviviale. Nous exprimons notre gratitude aux membres du comit\u00e9 scientifique ainsi qu\u2019\u00e0 nos invit\u00e9s d\u2019honneur pour leur engagement et leurs apports instructifs. Nos remerciements s\u2019adressent \u00e9galement \u00e0 nos chers partenaires pour leur soutien et leurs encouragements, et aux membres du comit\u00e9 d\u2019accueil pour leur s\u00e9rieux et dynamisme.<\/p>\n\n\n\n<p style=\"font-size:16px\">Que le meilleur reste \u00e0 venir et vivent les Rencontres d\u2019El Jem.<\/p>\n<\/div>\n<\/div>\n<\/div>\n<\/div>\n\n\n\n<div class=\"wp-block-columns is-layout-flex wp-container-core-columns-is-layout-9d6595d7 wp-block-columns-is-layout-flex\">\n<div class=\"wp-block-column is-layout-flow wp-block-column-is-layout-flow\">\n<figure class=\"wp-block-image size-full is-resized\"><img loading=\"lazy\" decoding=\"async\" width=\"480\" height=\"640\" src=\"http:\/\/rencontreeljem.com\/wp-content\/uploads\/2022\/04\/IMG_4857.jpg\" alt=\"\" class=\"wp-image-1023\" style=\"width:246px;height:328px\" srcset=\"https:\/\/rencontreeljem.com\/wp-content\/uploads\/2022\/04\/IMG_4857.jpg 480w, https:\/\/rencontreeljem.com\/wp-content\/uploads\/2022\/04\/IMG_4857-225x300.jpg 225w\" sizes=\"auto, (max-width: 480px) 100vw, 480px\" \/><\/figure>\n<\/div>\n\n\n\n<div class=\"wp-block-column is-layout-flow wp-block-column-is-layout-flow\">\n<figure class=\"wp-block-image size-full is-resized\"><img loading=\"lazy\" decoding=\"async\" width=\"480\" height=\"640\" src=\"http:\/\/rencontreeljem.com\/wp-content\/uploads\/2022\/04\/IMG_4813.jpg\" alt=\"\" class=\"wp-image-1024\" style=\"width:246px;height:328px\" srcset=\"https:\/\/rencontreeljem.com\/wp-content\/uploads\/2022\/04\/IMG_4813.jpg 480w, https:\/\/rencontreeljem.com\/wp-content\/uploads\/2022\/04\/IMG_4813-225x300.jpg 225w\" sizes=\"auto, (max-width: 480px) 100vw, 480px\" \/><\/figure>\n<\/div>\n\n\n\n<div class=\"wp-block-column is-layout-flow wp-block-column-is-layout-flow\">\n<figure class=\"wp-block-image size-full is-resized\"><img loading=\"lazy\" decoding=\"async\" width=\"480\" height=\"640\" src=\"http:\/\/rencontreeljem.com\/wp-content\/uploads\/2022\/04\/IMG_4844-1.jpg\" alt=\"\" class=\"wp-image-1025\" style=\"width:241px;height:321px\" srcset=\"https:\/\/rencontreeljem.com\/wp-content\/uploads\/2022\/04\/IMG_4844-1.jpg 480w, https:\/\/rencontreeljem.com\/wp-content\/uploads\/2022\/04\/IMG_4844-1-225x300.jpg 225w\" sizes=\"auto, (max-width: 480px) 100vw, 480px\" \/><\/figure>\n<\/div>\n<\/div>\n\n\n\n<div class=\"wp-block-columns is-layout-flex wp-container-core-columns-is-layout-9d6595d7 wp-block-columns-is-layout-flex\">\n<div class=\"wp-block-column is-layout-flow wp-block-column-is-layout-flow\">\n<figure class=\"wp-block-image size-full is-resized\"><img loading=\"lazy\" decoding=\"async\" width=\"640\" height=\"480\" src=\"http:\/\/rencontreeljem.com\/wp-content\/uploads\/2022\/04\/IMG_4888.jpg\" alt=\"\" class=\"wp-image-1029\" style=\"width:451px;height:338px\" srcset=\"https:\/\/rencontreeljem.com\/wp-content\/uploads\/2022\/04\/IMG_4888.jpg 640w, https:\/\/rencontreeljem.com\/wp-content\/uploads\/2022\/04\/IMG_4888-300x225.jpg 300w\" sizes=\"auto, (max-width: 640px) 100vw, 640px\" \/><\/figure>\n<\/div>\n\n\n\n<div class=\"wp-block-column is-layout-flow wp-block-column-is-layout-flow\">\n<figure class=\"wp-block-image size-full is-resized\"><img loading=\"lazy\" decoding=\"async\" width=\"640\" height=\"480\" src=\"http:\/\/rencontreeljem.com\/wp-content\/uploads\/2022\/04\/IMG_4879.jpg\" alt=\"\" class=\"wp-image-1028\" style=\"width:447px;height:335px\" srcset=\"https:\/\/rencontreeljem.com\/wp-content\/uploads\/2022\/04\/IMG_4879.jpg 640w, https:\/\/rencontreeljem.com\/wp-content\/uploads\/2022\/04\/IMG_4879-300x225.jpg 300w\" sizes=\"auto, (max-width: 640px) 100vw, 640px\" \/><\/figure>\n<\/div>\n<\/div>\n\n\n\n<div class=\"wp-block-columns is-layout-flex wp-container-core-columns-is-layout-9d6595d7 wp-block-columns-is-layout-flex\">\n<div class=\"wp-block-column is-layout-flow wp-block-column-is-layout-flow\">\n<figure class=\"wp-block-image size-full is-resized\"><img loading=\"lazy\" decoding=\"async\" width=\"480\" height=\"640\" src=\"http:\/\/rencontreeljem.com\/wp-content\/uploads\/2022\/04\/IMG_5223.jpg\" alt=\"\" class=\"wp-image-1033\" style=\"width:261px;height:348px\" srcset=\"https:\/\/rencontreeljem.com\/wp-content\/uploads\/2022\/04\/IMG_5223.jpg 480w, https:\/\/rencontreeljem.com\/wp-content\/uploads\/2022\/04\/IMG_5223-225x300.jpg 225w\" sizes=\"auto, (max-width: 480px) 100vw, 480px\" \/><\/figure>\n<\/div>\n\n\n\n<div class=\"wp-block-column is-layout-flow wp-block-column-is-layout-flow\">\n<figure class=\"wp-block-image size-full is-resized\"><img loading=\"lazy\" decoding=\"async\" width=\"480\" height=\"640\" src=\"http:\/\/rencontreeljem.com\/wp-content\/uploads\/2022\/04\/IMG_5211.jpg\" alt=\"\" class=\"wp-image-1031\" style=\"width:262px;height:349px\" srcset=\"https:\/\/rencontreeljem.com\/wp-content\/uploads\/2022\/04\/IMG_5211.jpg 480w, https:\/\/rencontreeljem.com\/wp-content\/uploads\/2022\/04\/IMG_5211-225x300.jpg 225w\" sizes=\"auto, (max-width: 480px) 100vw, 480px\" \/><\/figure>\n<\/div>\n\n\n\n<div class=\"wp-block-column is-layout-flow wp-block-column-is-layout-flow\">\n<figure class=\"wp-block-image size-full is-resized\"><img loading=\"lazy\" decoding=\"async\" width=\"480\" height=\"640\" src=\"http:\/\/rencontreeljem.com\/wp-content\/uploads\/2022\/04\/IMG_5214.jpg\" alt=\"\" class=\"wp-image-1034\" style=\"width:266px;height:355px\" srcset=\"https:\/\/rencontreeljem.com\/wp-content\/uploads\/2022\/04\/IMG_5214.jpg 480w, https:\/\/rencontreeljem.com\/wp-content\/uploads\/2022\/04\/IMG_5214-225x300.jpg 225w\" sizes=\"auto, (max-width: 480px) 100vw, 480px\" \/><\/figure>\n<\/div>\n<\/div>\n\n\n\n<div class=\"wp-block-columns is-layout-flex wp-container-core-columns-is-layout-9d6595d7 wp-block-columns-is-layout-flex\">\n<div class=\"wp-block-column is-layout-flow wp-block-column-is-layout-flow\">\n<figure class=\"wp-block-image size-large\"><img loading=\"lazy\" decoding=\"async\" width=\"1024\" height=\"768\" src=\"http:\/\/rencontreeljem.com\/wp-content\/uploads\/2022\/04\/IMG_4994-1024x768.jpg\" alt=\"\" class=\"wp-image-1035\" srcset=\"https:\/\/rencontreeljem.com\/wp-content\/uploads\/2022\/04\/IMG_4994-1024x768.jpg 1024w, https:\/\/rencontreeljem.com\/wp-content\/uploads\/2022\/04\/IMG_4994-300x225.jpg 300w, https:\/\/rencontreeljem.com\/wp-content\/uploads\/2022\/04\/IMG_4994-768x576.jpg 768w, https:\/\/rencontreeljem.com\/wp-content\/uploads\/2022\/04\/IMG_4994-1536x1152.jpg 1536w, https:\/\/rencontreeljem.com\/wp-content\/uploads\/2022\/04\/IMG_4994-2048x1536.jpg 2048w\" sizes=\"auto, (max-width: 1024px) 100vw, 1024px\" \/><\/figure>\n<\/div>\n\n\n\n<div class=\"wp-block-column is-layout-flow wp-block-column-is-layout-flow\">\n<figure class=\"wp-block-image size-large\"><img loading=\"lazy\" decoding=\"async\" width=\"1024\" height=\"768\" src=\"http:\/\/rencontreeljem.com\/wp-content\/uploads\/2022\/04\/IMG_5070-1024x768.jpg\" alt=\"\" class=\"wp-image-1036\" srcset=\"https:\/\/rencontreeljem.com\/wp-content\/uploads\/2022\/04\/IMG_5070-1024x768.jpg 1024w, https:\/\/rencontreeljem.com\/wp-content\/uploads\/2022\/04\/IMG_5070-300x225.jpg 300w, https:\/\/rencontreeljem.com\/wp-content\/uploads\/2022\/04\/IMG_5070-768x576.jpg 768w, https:\/\/rencontreeljem.com\/wp-content\/uploads\/2022\/04\/IMG_5070-1536x1152.jpg 1536w, https:\/\/rencontreeljem.com\/wp-content\/uploads\/2022\/04\/IMG_5070-2048x1536.jpg 2048w\" sizes=\"auto, (max-width: 1024px) 100vw, 1024px\" \/><\/figure>\n<\/div>\n\n\n\n<div class=\"wp-block-column is-layout-flow wp-block-column-is-layout-flow\">\n<figure class=\"wp-block-image size-large is-resized\"><img loading=\"lazy\" decoding=\"async\" width=\"1024\" height=\"768\" src=\"http:\/\/rencontreeljem.com\/wp-content\/uploads\/2022\/04\/IMG_5064-1024x768.jpg\" alt=\"\" class=\"wp-image-1037\" style=\"width:319px;height:239px\" srcset=\"https:\/\/rencontreeljem.com\/wp-content\/uploads\/2022\/04\/IMG_5064-1024x768.jpg 1024w, https:\/\/rencontreeljem.com\/wp-content\/uploads\/2022\/04\/IMG_5064-300x225.jpg 300w, https:\/\/rencontreeljem.com\/wp-content\/uploads\/2022\/04\/IMG_5064-768x576.jpg 768w, https:\/\/rencontreeljem.com\/wp-content\/uploads\/2022\/04\/IMG_5064-1536x1152.jpg 1536w, https:\/\/rencontreeljem.com\/wp-content\/uploads\/2022\/04\/IMG_5064-2048x1536.jpg 2048w\" sizes=\"auto, (max-width: 1024px) 100vw, 1024px\" \/><\/figure>\n<\/div>\n<\/div>\n\n\n\n<div class=\"wp-block-columns is-layout-flex wp-container-core-columns-is-layout-9d6595d7 wp-block-columns-is-layout-flex\">\n<div class=\"wp-block-column is-layout-flow wp-block-column-is-layout-flow\">\n<figure class=\"wp-block-image size-full\"><img loading=\"lazy\" decoding=\"async\" width=\"480\" height=\"640\" src=\"http:\/\/rencontreeljem.com\/wp-content\/uploads\/2022\/04\/IMG_5209.jpg\" alt=\"\" class=\"wp-image-1038\" srcset=\"https:\/\/rencontreeljem.com\/wp-content\/uploads\/2022\/04\/IMG_5209.jpg 480w, https:\/\/rencontreeljem.com\/wp-content\/uploads\/2022\/04\/IMG_5209-225x300.jpg 225w\" sizes=\"auto, (max-width: 480px) 100vw, 480px\" \/><\/figure>\n<\/div>\n\n\n\n<div class=\"wp-block-column is-layout-flow wp-block-column-is-layout-flow\"><div class=\"wp-block-image\">\n<figure class=\"aligncenter size-full is-resized\"><img loading=\"lazy\" decoding=\"async\" width=\"560\" height=\"1000\" src=\"http:\/\/rencontreeljem.com\/wp-content\/uploads\/2022\/04\/277229627_1125760084944652_911541661923559604_n.jpg\" alt=\"\" class=\"wp-image-1039\" style=\"width:240px;height:428px\" srcset=\"https:\/\/rencontreeljem.com\/wp-content\/uploads\/2022\/04\/277229627_1125760084944652_911541661923559604_n.jpg 560w, https:\/\/rencontreeljem.com\/wp-content\/uploads\/2022\/04\/277229627_1125760084944652_911541661923559604_n-168x300.jpg 168w\" sizes=\"auto, (max-width: 560px) 100vw, 560px\" \/><\/figure>\n<\/div><\/div>\n\n\n\n<div class=\"wp-block-column is-layout-flow wp-block-column-is-layout-flow\">\n<figure class=\"wp-block-image size-full\"><img loading=\"lazy\" decoding=\"async\" width=\"480\" height=\"640\" src=\"http:\/\/rencontreeljem.com\/wp-content\/uploads\/2022\/04\/277312633_495998772012581_2443743063045446590_n.jpg\" alt=\"\" class=\"wp-image-1040\" srcset=\"https:\/\/rencontreeljem.com\/wp-content\/uploads\/2022\/04\/277312633_495998772012581_2443743063045446590_n.jpg 480w, https:\/\/rencontreeljem.com\/wp-content\/uploads\/2022\/04\/277312633_495998772012581_2443743063045446590_n-225x300.jpg 225w\" sizes=\"auto, (max-width: 480px) 100vw, 480px\" \/><\/figure>\n<\/div>\n<\/div>\n","protected":false},"excerpt":{"rendered":"<p>Rencontre El Jem 2024\u00a0: Villes patrimoniales, paysage urbain historique et d\u00e9veloppement local Appel \u00e0 Contribution: RENCONTRE EL JEM 2022, 25 et 26 Mars: \u00ab&nbsp;Rencontre El Jem&nbsp;2022&nbsp;: Patrimoine, \u00e9v\u00e8nementiel et d\u00e9veloppement local&nbsp;\u00bb. L\u2019\u00e9v\u00e8nement a eu lieu du 25 au 26 Mars 2022 au prestigieux mus\u00e9e arch\u00e9ologique de la ville d\u2019El Jem. Ce colloque est organis\u00e9 \u00e0&hellip;<\/p>\n","protected":false},"author":1,"featured_media":0,"parent":0,"menu_order":0,"comment_status":"closed","ping_status":"closed","template":"","meta":{"ngg_post_thumbnail":0,"footnotes":""},"class_list":["post-957","page","type-page","status-publish","hentry"],"_links":{"self":[{"href":"https:\/\/rencontreeljem.com\/index.php\/wp-json\/wp\/v2\/pages\/957","targetHints":{"allow":["GET"]}}],"collection":[{"href":"https:\/\/rencontreeljem.com\/index.php\/wp-json\/wp\/v2\/pages"}],"about":[{"href":"https:\/\/rencontreeljem.com\/index.php\/wp-json\/wp\/v2\/types\/page"}],"author":[{"embeddable":true,"href":"https:\/\/rencontreeljem.com\/index.php\/wp-json\/wp\/v2\/users\/1"}],"replies":[{"embeddable":true,"href":"https:\/\/rencontreeljem.com\/index.php\/wp-json\/wp\/v2\/comments?post=957"}],"version-history":[{"count":10,"href":"https:\/\/rencontreeljem.com\/index.php\/wp-json\/wp\/v2\/pages\/957\/revisions"}],"predecessor-version":[{"id":4979,"href":"https:\/\/rencontreeljem.com\/index.php\/wp-json\/wp\/v2\/pages\/957\/revisions\/4979"}],"wp:attachment":[{"href":"https:\/\/rencontreeljem.com\/index.php\/wp-json\/wp\/v2\/media?parent=957"}],"curies":[{"name":"wp","href":"https:\/\/api.w.org\/{rel}","templated":true}]}}